{"id":122,"date":"2015-09-12T16:23:25","date_gmt":"2015-09-12T20:23:25","guid":{"rendered":"https:\/\/morissette.org\/en\/?page_id=122"},"modified":"2019-08-12T14:49:59","modified_gmt":"2019-08-12T18:49:59","slug":"artistic-use-of-our-coat-of-arms","status":"publish","type":"page","link":"https:\/\/morissette.org\/en\/artistic-use-of-our-coat-of-arms\/","title":{"rendered":"Artistic use of our emblem"},"content":{"rendered":"<p><a href=\"https:\/\/morissette.org\/en\/wp-content\/uploads\/sites\/3\/2015\/09\/sun-catcher.jpg\"><img loading=\"lazy\" decoding=\"async\" class=\" size-full wp-image-66 alignleft\" src=\"https:\/\/morissette.org\/en\/wp-content\/uploads\/sites\/3\/2015\/09\/sun-catcher.jpg\" alt=\"sun catcher\" width=\"300\" height=\"340\" srcset=\"https:\/\/morissette.org\/en\/wp-content\/uploads\/sites\/3\/2015\/09\/sun-catcher.jpg 300w, https:\/\/morissette.org\/en\/wp-content\/uploads\/sites\/3\/2015\/09\/sun-catcher-265x300.jpg 265w\" sizes=\"auto, (max-width: 300px) 100vw, 300px\" \/><\/a>Duane and Diane Morseth of Two Harbours, Minnesota, United States, received an original gift from their eldest son for Christmas 2001 : a stained glass with the emblem of the Morissette!<\/p>\n<p><a href=\"https:\/\/morissette.org\/en\/wp-content\/uploads\/sites\/3\/2015\/09\/armoire.jpg\"><img loading=\"lazy\" decoding=\"async\" class=\" size-full wp-image-67 alignright\" src=\"https:\/\/morissette.org\/en\/wp-content\/uploads\/sites\/3\/2015\/09\/armoire.jpg\" alt=\"armoire\" width=\"300\" height=\"435\" srcset=\"https:\/\/morissette.org\/en\/wp-content\/uploads\/sites\/3\/2015\/09\/armoire.jpg 300w, https:\/\/morissette.org\/en\/wp-content\/uploads\/sites\/3\/2015\/09\/armoire-207x300.jpg 207w\" sizes=\"auto, (max-width: 300px) 100vw, 300px\" \/><\/a><\/p>\n<p>&nbsp;<\/p>\n<p>&nbsp;<\/p>\n<p>&nbsp;<\/p>\n<p>&nbsp;<\/p>\n<p>&nbsp;<\/p>\n<p>&nbsp;<\/p>\n<p>Roger Morissette<\/p>\n<p>S\u00e9bastien and Fr\u00e9d\u00e9ric Morissette offered to their father a piece of furniture with doors each containing stained glass with our emblem. The piece of furniture was made by Philippe-\u00c9douard C\u00f4t\u00e9 from Meubles La Petite Patrie of Montreal and the stained glass was signed by Maurice Gareau of Gareau Studio of St-Jean-sur-Richelieu, QC.<\/p>\n","protected":false},"excerpt":{"rendered":"<p>Duane and Diane Morseth of Two Harbours, Minnesota, United States, received an original gift from their eldest son for Christmas 2001 : a stained glass with the emblem of the Morissette! &nbsp; &nbsp; &nbsp; &nbsp; &nbsp; &nbsp; Roger Morissette S\u00e9bastien &hellip; <a href=\"https:\/\/morissette.org\/en\/artistic-use-of-our-coat-of-arms\/\">Continue reading <span class=\"meta-nav\">&rarr;<\/span><\/a><\/p>\n","protected":false},"author":19,"featured_media":0,"parent":0,"menu_order":0,"comment_status":"closed","ping_status":"closed","template":"","meta":{"footnotes":""},"class_list":["post-122","page","type-page","status-publish","hentry"],"_links":{"self":[{"href":"https:\/\/morissette.org\/en\/wp-json\/wp\/v2\/pages\/122","targetHints":{"allow":["GET"]}}],"collection":[{"href":"https:\/\/morissette.org\/en\/wp-json\/wp\/v2\/pages"}],"about":[{"href":"https:\/\/morissette.org\/en\/wp-json\/wp\/v2\/types\/page"}],"author":[{"embeddable":true,"href":"https:\/\/morissette.org\/en\/wp-json\/wp\/v2\/users\/19"}],"replies":[{"embeddable":true,"href":"https:\/\/morissette.org\/en\/wp-json\/wp\/v2\/comments?post=122"}],"version-history":[{"count":10,"href":"https:\/\/morissette.org\/en\/wp-json\/wp\/v2\/pages\/122\/revisions"}],"predecessor-version":[{"id":756,"href":"https:\/\/morissette.org\/en\/wp-json\/wp\/v2\/pages\/122\/revisions\/756"}],"wp:attachment":[{"href":"https:\/\/morissette.org\/en\/wp-json\/wp\/v2\/media?parent=122"}],"curies":[{"name":"wp","href":"https:\/\/api.w.org\/{rel}","templated":true}]}}