{"id":29,"date":"2015-08-18T14:04:55","date_gmt":"2015-08-18T18:04:55","guid":{"rendered":"https:\/\/morissette.org\/en\/?page_id=29"},"modified":"2015-09-14T10:41:37","modified_gmt":"2015-09-14T14:41:37","slug":"history","status":"publish","type":"page","link":"https:\/\/morissette.org\/en\/history\/","title":{"rendered":"History"},"content":{"rendered":"<p>This section contains the main events in the association&#8217;s history.<\/p>\n<ul>\n<li>First publication of LA MORICETTERIE in January 1995<\/li>\n<li>Brunch in Rimouski in September 1995<\/li>\n<li>Creation of a temporary Board of directors in June 1996<\/li>\n<li>Incorporation of the Association on October 17th 1996<\/li>\n<li>First gathering also known as foundation in Trois-Pistoles on June 21th and 22nd 1997\n<ul>\n<li>Adoption of the governing rules of the Association<\/li>\n<li>Election of the first Board of directors<\/li>\n<li>Presentation of the theme song, coat-of-arms and motto<\/li>\n<\/ul>\n<\/li>\n<li>Second gathering in Neuville on May 15 to 17 1998\n<ul>\n<li>Publication of the &#8220;Dictionnaire des mariages, 1\u00e8re \u00e9dition&#8221;, writtent by R\u00e9mi Morissette<\/li>\n<li>Inauguration of monuments on ancestor&#8217;s land of \u00cele d&#8217;Orl\u00e9ans and of Cap Sant\u00e9<\/li>\n<\/ul>\n<\/li>\n<li>Third gathering in Shawinigan on May 21 to 23 1999\n<ul>\n<li>Publication of &#8220;Biographie des anc\u00eatres&#8221;, written by Roger Morissette<\/li>\n<\/ul>\n<\/li>\n<li>Fourth gathering in St-Jean-sur-Richelieu on May 19 to 21 2000\n<ul>\n<li>Unveiling of our flag<\/li>\n<li>Launching of &#8220;Biographie du Patriote&#8221;, \u00e9crit par Roger Morissette<\/li>\n<\/ul>\n<\/li>\n<li>Brunch in Mont-Joli in Octobre 2000<\/li>\n<li>Fifth gathering in Ste-Marie-de-Beauce on May 18th to 20th 2001\n<ul>\n<li>Unveiling of &#8220;Toponymes Morissette&#8221;, writtent by Roger Morissette<\/li>\n<\/ul>\n<\/li>\n<li>Trip to the land of ancestors in September 2001<\/li>\n<li>Sixth gathering at \u00cele d&#8217;Orl\u00e9ans on May 18th and 19th 2002\n<ul>\n<li>Unveiling of a commemorative plates to honour our ancestors Mathurin Morisset and \u00c9lisabeth Coquin<\/li>\n<\/ul>\n<\/li>\n<li>Seventh gathering in Orford on May 16th to 18th 2003\n<ul>\n<li>Launching of the second edition &#8220;Dictionnaire des mariages&#8221;, written by R\u00e9mi Morissette<\/li>\n<\/ul>\n<\/li>\n<li>Eight gathering at Manoir St-Castin of Lac Beauport on May 21th to 23rd 2004<\/li>\n<li>Ninth gathering in Saint-Marc-des-Carri\u00e8res on May 20th to 22nd 2005<\/li>\n<li>Tenth gathering in Sainte-Croix-de-Lotbini\u00e8re on May 20th and 21rst 2006\n<ul>\n<li>Unveiling of a commemorative plate to honour our ancestor Pierre Morisset and Catherine L\u00e9tourneau, the first Morisset&#8217;s of Sainte-Croix-de-Lotbini\u00e8re<\/li>\n<\/ul>\n<\/li>\n<li>Eleventh gathering in Saint-Michel-de-Bellechasse on May 19th and 20th 2007<\/li>\n<li>Twelth gathering in Rouyn-Noranda on May 16th to 18th 2008\n<ul>\n<li>Launching of &#8220;La Maison Morisset &#8211; La Brimblae&#8221;, a monograph of the Morisset House written in French by the owners of the house Denis Lavall\u00e9e and Ren\u00e9 Pronovost<\/li>\n<\/ul>\n<\/li>\n<li>Thirteenth gathering in La Malbaie on Mau 8th to 10th 2009\n<ul>\n<li>Launching of the third edition &#8220;Dictionnaire des mariages&#8221;, written by R\u00e9mi Morissette<\/li>\n<\/ul>\n<\/li>\n<li>Fourteenth gathering in Montr\u00e9al on May 22nd and 23rd 2010<\/li>\n<li>Fifteenth gathering in Joliette on May 21th and 22nd 2011\n<ul>\n<li>Launching of &#8220;Nos anc\u00eatres Morissette&#8221; written by Roger Morissette with the help of R\u00e9mi Morissette and Lise Patenaude<\/li>\n<\/ul>\n<\/li>\n<li>Sixteenth gathering in Sherbrooke on May 25th to 27th 2012\n<ul>\n<li>We celebrated the fifteenth foundation anniversary of the Association<\/li>\n<\/ul>\n<\/li>\n<li>Seventeenth gathering in Ottawa on May 25th and 26th 2013<\/li>\n<li>Eigtheenth gathering in Victoriaville on May 24th and 25th 2014<\/li>\n<li>Nineteenth gathering in \u00cele-aux-Coudres on May 29th to 31rst 2015<\/li>\n<\/ul>\n","protected":false},"excerpt":{"rendered":"<p>This section contains the main events in the association&#8217;s history. First publication of LA MORICETTERIE in January 1995 Brunch in Rimouski in September 1995 Creation of a temporary Board of directors in June 1996 Incorporation of the Association on October &hellip; <a href=\"https:\/\/morissette.org\/en\/history\/\">Continue reading <span class=\"meta-nav\">&rarr;<\/span><\/a><\/p>\n","protected":false},"author":19,"featured_media":0,"parent":0,"menu_order":0,"comment_status":"closed","ping_status":"closed","template":"","meta":{"footnotes":""},"class_list":["post-29","page","type-page","status-publish","hentry"],"_links":{"self":[{"href":"https:\/\/morissette.org\/en\/wp-json\/wp\/v2\/pages\/29","targetHints":{"allow":["GET"]}}],"collection":[{"href":"https:\/\/morissette.org\/en\/wp-json\/wp\/v2\/pages"}],"about":[{"href":"https:\/\/morissette.org\/en\/wp-json\/wp\/v2\/types\/page"}],"author":[{"embeddable":true,"href":"https:\/\/morissette.org\/en\/wp-json\/wp\/v2\/users\/19"}],"replies":[{"embeddable":true,"href":"https:\/\/morissette.org\/en\/wp-json\/wp\/v2\/comments?post=29"}],"version-history":[{"count":6,"href":"https:\/\/morissette.org\/en\/wp-json\/wp\/v2\/pages\/29\/revisions"}],"predecessor-version":[{"id":38,"href":"https:\/\/morissette.org\/en\/wp-json\/wp\/v2\/pages\/29\/revisions\/38"}],"wp:attachment":[{"href":"https:\/\/morissette.org\/en\/wp-json\/wp\/v2\/media?parent=29"}],"curies":[{"name":"wp","href":"https:\/\/api.w.org\/{rel}","templated":true}]}}