{"id":89,"date":"2015-09-12T16:09:30","date_gmt":"2015-09-12T20:09:30","guid":{"rendered":"https:\/\/morissette.org\/en\/?page_id=89"},"modified":"2019-08-12T15:02:34","modified_gmt":"2019-08-12T19:02:34","slug":"monuments-to-ancestors","status":"publish","type":"page","link":"https:\/\/morissette.org\/en\/monuments-to-ancestors\/","title":{"rendered":"Monuments to ancestors"},"content":{"rendered":"<p>The monument to ancestors JEAN MORISSET and JEANNE CHORET was unveiled on May 16, 1998 during the 1998 gathering in Neuville, QC. It is located at 2839 du Chemin Royal (prevously 4423), Ste-Famille, \u00cele d&#8217;Orl\u00e9ans, QC. The main body is made of black granite and the base from white granite.<\/p>\n<p><a href=\"https:\/\/morissette.org\/en\/wp-content\/uploads\/sites\/3\/2015\/09\/jean.jpg\"><img loading=\"lazy\" decoding=\"async\" class=\"alignnone size-full wp-image-57\" src=\"https:\/\/morissette.org\/en\/wp-content\/uploads\/sites\/3\/2015\/09\/jean.jpg\" alt=\"jean\" width=\"440\" height=\"492\" srcset=\"https:\/\/morissette.org\/en\/wp-content\/uploads\/sites\/3\/2015\/09\/jean.jpg 440w, https:\/\/morissette.org\/en\/wp-content\/uploads\/sites\/3\/2015\/09\/jean-268x300.jpg 268w\" sizes=\"auto, (max-width: 440px) 100vw, 440px\" \/><\/a><\/p>\n<p>&nbsp;<\/p>\n<p>The French text is : &#8220;Hommage \u00e0 Jean Morisset et Jeanne Choret, premiers anc\u00eatres \u00e9tablis \u00e0 Ste-Famille, \u00cele d&#8217;Orl\u00e9ans, mari\u00e9s \u00e0 Beauport le 14 janvier 1669, ils eurent quatorze enfants tous n\u00e9s et baptis\u00e9s \u00e0 Ste-Famille entre les ann\u00e9es 1669 et 1694.&#8221;<\/p>\n<h2>Monument for Mathurin Morisset<\/h2>\n<p>The monument to ancestors MATHURIN MORISSET and \u00c9LISABETH COQUIN was unveiled on May 16, 1998 during the 1998 gathering in Neuville, QC. It is located on at 431 of Route 138, Cap-Sant\u00e9, QC.\u00a0The main body is made of black granite and the base from white granite.<\/p>\n<p><a href=\"https:\/\/morissette.org\/en\/wp-content\/uploads\/sites\/3\/2015\/09\/mathurin.jpg\"><img loading=\"lazy\" decoding=\"async\" class=\"alignnone size-full wp-image-56\" src=\"https:\/\/morissette.org\/en\/wp-content\/uploads\/sites\/3\/2015\/09\/mathurin.jpg\" alt=\"mathurin\" width=\"440\" height=\"492\" srcset=\"https:\/\/morissette.org\/en\/wp-content\/uploads\/sites\/3\/2015\/09\/mathurin.jpg 440w, https:\/\/morissette.org\/en\/wp-content\/uploads\/sites\/3\/2015\/09\/mathurin-268x300.jpg 268w\" sizes=\"auto, (max-width: 440px) 100vw, 440px\" \/><\/a><\/p>\n<p>&nbsp;<\/p>\n<p>The French text is : &#8220;Hommage aux anc\u00eatres Mathurin Morisset et \u00c9lisabeth Coquin, premiers anc\u00eatres \u00e9tablis \u00e0 Cap-Sant\u00e9, mari\u00e9s \u00e0 Neuville le 9 janvier 1690, ils eurent onze enfants baptis\u00e9s \u00e0 Cap-Sant\u00e9 et Neuville de 1691 \u00e0 1709.&#8221;<\/p>\n","protected":false},"excerpt":{"rendered":"<p>The monument to ancestors JEAN MORISSET and JEANNE CHORET was unveiled on May 16, 1998 during the 1998 gathering in Neuville, QC. It is located at 2839 du Chemin Royal (prevously 4423), Ste-Famille, \u00cele d&#8217;Orl\u00e9ans, QC. The main body is &hellip; <a href=\"https:\/\/morissette.org\/en\/monuments-to-ancestors\/\">Continue reading <span class=\"meta-nav\">&rarr;<\/span><\/a><\/p>\n","protected":false},"author":19,"featured_media":0,"parent":0,"menu_order":0,"comment_status":"closed","ping_status":"closed","template":"","meta":{"footnotes":""},"class_list":["post-89","page","type-page","status-publish","hentry"],"_links":{"self":[{"href":"https:\/\/morissette.org\/en\/wp-json\/wp\/v2\/pages\/89","targetHints":{"allow":["GET"]}}],"collection":[{"href":"https:\/\/morissette.org\/en\/wp-json\/wp\/v2\/pages"}],"about":[{"href":"https:\/\/morissette.org\/en\/wp-json\/wp\/v2\/types\/page"}],"author":[{"embeddable":true,"href":"https:\/\/morissette.org\/en\/wp-json\/wp\/v2\/users\/19"}],"replies":[{"embeddable":true,"href":"https:\/\/morissette.org\/en\/wp-json\/wp\/v2\/comments?post=89"}],"version-history":[{"count":8,"href":"https:\/\/morissette.org\/en\/wp-json\/wp\/v2\/pages\/89\/revisions"}],"predecessor-version":[{"id":769,"href":"https:\/\/morissette.org\/en\/wp-json\/wp\/v2\/pages\/89\/revisions\/769"}],"wp:attachment":[{"href":"https:\/\/morissette.org\/en\/wp-json\/wp\/v2\/media?parent=89"}],"curies":[{"name":"wp","href":"https:\/\/api.w.org\/{rel}","templated":true}]}}